{"id":26,"date":"2018-06-18T12:35:33","date_gmt":"2018-06-18T12:35:33","guid":{"rendered":"http:\/\/www.alhaurinvistagolf.com\/?page_id=26"},"modified":"2025-03-12T14:06:14","modified_gmt":"2025-03-12T14:06:14","slug":"het-complex-villas-jasmine","status":"publish","type":"page","link":"https:\/\/villas-jasmine.com\/cs\/het-complex-villas-jasmine\/","title":{"rendered":"Komplex"},"content":{"rendered":"<div  class=\"content_row row vc_row wpb_row  default-style fullwidth\" >\n\t\n\t<div class=\"content_row_wrapper  default\" >\n\t<div id=\"asdasd\" class=\"vc_col-sm-12 wpb_column vc_column_container\" >\n\t<div class=\"vc_column-inner\">\n\t\t<div class=\"wpb_wrapper\" >\n\t\t\t<div class=\"wpb_revslider_element wpb_content_element\">\n<div id=\"rev_slider_6_1_wrapper\" class=\"rev_slider_wrapper fullwidthbanner-container\" data-source=\"gallery\" style=\"margin:0px auto;background:transparent;padding:0px;margin-top:0px;margin-bottom:0px;\">\n<!-- START REVOLUTION SLIDER 5.4.7.3 fullwidth mode -->\n\t<div id=\"rev_slider_6_1\" class=\"rev_slider fullwidthabanner\" style=\"display:none;\" data-version=\"5.4.7.3\">\n<ul>\t<!-- SLIDE  -->\n\t<li data-index=\"rs-8\" data-transition=\"fade\" data-slotamount=\"default\" data-hideafterloop=\"0\" data-hideslideonmobile=\"off\"  data-easein=\"default\" data-easeout=\"default\" data-masterspeed=\"300\"  data-rotate=\"0\"  data-saveperformance=\"off\"  data-ssop=\"true\"  data-title=\"Slide\" data-param1=\"\" data-param2=\"\" data-param3=\"\" data-param4=\"\" data-param5=\"\" data-param6=\"\" data-param7=\"\" data-param8=\"\" data-param9=\"\" data-param10=\"\" data-description=\"\">\n\t\t<!-- MAIN IMAGE -->\n\t\t<img decoding=\"async\" src=\"https:\/\/villas-jasmine.com\/wp-content\/plugins\/revslider\/admin\/assets\/images\/transparent.png\"  alt=\"\" title=\"Komplex\"  data-bgposition=\"center center\" data-bgfit=\"cover\" data-bgrepeat=\"no-repeat\" class=\"rev-slidebg\" data-no-retina>\n\t\t<!-- LAYERS -->\n\n\t\t<!-- LAYER NR. 1 -->\n\t\t<div class=\"tp-caption   tp-resizeme\" \n\t\t\t id=\"slide-8-layer-13\" \n\t\t\t data-x=\"-101\" \n\t\t\t data-y=\"\" \n\t\t\t\t\t\tdata-width=\"['none','none','none','none']\"\n\t\t\tdata-height=\"['none','none','none','none']\"\n \n\t\t\tdata-type=\"image\" \n\t\t\tdata-responsive_offset=\"on\" \n\n\t\t\tdata-frames='[{\"delay\":0,\"speed\":300,\"frame\":\"0\",\"from\":\"opacity:0;\",\"to\":\"o:1;\",\"ease\":\"Power3.easeInOut\"},{\"delay\":\"wait\",\"speed\":300,\"frame\":\"999\",\"to\":\"opacity:0;\",\"ease\":\"Power3.easeInOut\"}]'\n\t\t\tdata-textalign=\"['inherit','inherit','inherit','inherit']\"\n\t\t\tdata-paddingtop=\"[0,0,0,0]\"\n\t\t\tdata-paddingright=\"[0,0,0,0]\"\n\t\t\tdata-paddingbottom=\"[0,0,0,0]\"\n\t\t\tdata-paddingleft=\"[0,0,0,0]\"\n\n\t\t\tstyle=\"z-index: 6;\"><img loading=\"lazy\" decoding=\"async\" src=\"https:\/\/villas-jasmine.com\/wp-content\/uploads\/2021\/06\/header_complex.jpg\" alt=\"Villa La Finca de Jasmine - total view\" data-ww=\"1447px\" data-hh=\"466px\" width=\"1447\" height=\"466\" data-no-retina> <\/div>\n\t<\/li>\n<\/ul>\n<div class=\"tp-bannertimer tp-bottom\" style=\"visibility: hidden !important;\"><\/div>\t<\/div>\n<script>var htmlDiv = document.getElementById(\"rs-plugin-settings-inline-css\"); var htmlDivCss=\"\";\r\n\t\t\t\tif(htmlDiv) {\r\n\t\t\t\t\thtmlDiv.innerHTML = htmlDiv.innerHTML + htmlDivCss;\r\n\t\t\t\t}else{\r\n\t\t\t\t\tvar htmlDiv = document.createElement(\"div\");\r\n\t\t\t\t\thtmlDiv.innerHTML = \"<style>\" + htmlDivCss + \"<\/style>\";\r\n\t\t\t\t\tdocument.getElementsByTagName(\"head\")[0].appendChild(htmlDiv.childNodes[0]);\r\n\t\t\t\t}\r\n\t\t\t<\/script>\n\t\t<script type=\"text\/javascript\">\r\nif (setREVStartSize!==undefined) setREVStartSize(\r\n\t{c: '#rev_slider_6_1', gridwidth: [1240], gridheight: [464], sliderLayout: 'fullwidth'});\r\n\t\t\t\r\nvar revapi6,\r\n\ttpj;\t\r\n(function() {\t\t\t\r\n\tif (!\/loaded|interactive|complete\/.test(document.readyState)) document.addEventListener(\"DOMContentLoaded\",onLoad); else onLoad();\t\r\n\tfunction onLoad() {\t\t\t\t\r\n\t\tif (tpj===undefined) { tpj = jQuery; if(\"off\" == \"on\") tpj.noConflict();}\r\n\tif(tpj(\"#rev_slider_6_1\").revolution == undefined){\n\t\trevslider_showDoubleJqueryError(\"#rev_slider_6_1\");\n\t}else{\n\t\trevapi6 = tpj(\"#rev_slider_6_1\").show().revolution({\n\t\t\tsliderType:\"standard\",\n\t\t\tjsFileLocation:\"\/\/villas-jasmine.com\/wp-content\/plugins\/revslider\/public\/assets\/js\/\",\n\t\t\tsliderLayout:\"fullwidth\",\n\t\t\tdottedOverlay:\"none\",\n\t\t\tdelay:6000,\n\t\t\tnavigation: {\n\t\t\t\tonHoverStop:\"off\",\n\t\t\t},\n\t\t\tvisibilityLevels:[1240,1024,778,480],\n\t\t\tgridwidth:1240,\n\t\t\tgridheight:464,\n\t\t\tlazyType:\"none\",\n\t\t\tshadow:0,\n\t\t\tspinner:\"spinner0\",\n\t\t\tstopLoop:\"off\",\n\t\t\tstopAfterLoops:-1,\n\t\t\tstopAtSlide:-1,\n\t\t\tshuffle:\"off\",\n\t\t\tautoHeight:\"off\",\n\t\t\tdisableProgressBar:\"on\",\n\t\t\thideThumbsOnMobile:\"off\",\n\t\t\thideSliderAtLimit:0,\n\t\t\thideCaptionAtLimit:0,\n\t\t\thideAllCaptionAtLilmit:0,\n\t\t\tdebugMode:false,\n\t\t\tfallbacks: {\n\t\t\t\tsimplifyAll:\"off\",\n\t\t\t\tnextSlideOnWindowFocus:\"off\",\n\t\t\t\tdisableFocusListener:false,\n\t\t\t}\n\t\t});\n\t}; \/* END OF revapi call *\/\n\t\n }; \/* END OF ON LOAD FUNCTION *\/\r\n}()); \/* END OF WRAPPING FUNCTION *\/\r\n<\/script>\r\n\t\t<\/div><!-- END REVOLUTION SLIDER --><\/div>\n\t\t<\/div>\n\t<\/div>\n\t<\/div>\n\n<\/div>\n<\/div>\n\n<div  class=\"content_row row vc_row wpb_row  default-style fullwidth\" >\n\t\n\t<div class=\"content_row_wrapper  default\" >\n\t<div id=\"asdasd\" class=\"vc_col-sm-12 wpb_column vc_column_container\" >\n\t<div class=\"vc_column-inner\">\n\t\t<div class=\"wpb_wrapper\" >\n\t\t\t\n\t<div class=\"wpb_text_column wpb_content_element\" >\n\t\t<div class=\"wpb_wrapper\">\n\t\t\t<h1><strong><em>Vily La Finca de Jasmine<\/em><\/strong><\/h1>\n<p style=\"text-align: left;\">La Finca de Jasmine nab\u00edz\u00ed 14 kr\u00e1sn\u00fdch nov\u011b postaven\u00fdch vil s modern\u00edm a stylov\u00fdm interi\u00e9rem. Luxusn\u00ed komplex je kompletn\u011b oplocen, co\u017e zaji\u0161\u0165uje dostatek soukrom\u00ed.<\/p>\n<p style=\"text-align: left;\">Komplex s celkovou rozlohou 269 000 m\u00b2 nab\u00edz\u00ed prostor pro 14 luxusn\u00edch vil se t\u0159emi typy dispozic, kter\u00e9 si m\u016f\u017eete p\u0159izp\u016fsobit \u017eivotn\u00edmu stylu dle va\u0161eho v\u00fdb\u011bru.<\/p>\n<p style=\"text-align: left;\">Komplex se py\u0161n\u00ed kr\u00e1sn\u00fdmi st\u0159edomo\u0159sk\u00fdmi zahradami a soukrom\u00fdm baz\u00e9nem a nab\u00edz\u00ed snadn\u00fd p\u0159\u00edstup do Marbelly a Estepony. Na pozemku se nach\u00e1z\u00ed tak\u00e9 klubovna a l\u00e1zn\u011b.<\/p>\n<ul>\n<li>Ide\u00e1ln\u00ed poloha ve vztahu k Marbelle, Puerto Ban\u00fas<\/li>\n<li>Novostavby vil se 3 a 4 lo\u017enicemi<\/li>\n<li>Otev\u0159en\u00e1 kuchyn\u011b, soukrom\u00fd baz\u00e9n, velk\u00e9 terasy a podlahov\u00e9 vyt\u00e1p\u011bn\u00ed<\/li>\n<li>Kr\u00e1sn\u00fd v\u00fdhled na St\u0159edozemn\u00ed mo\u0159e<\/li>\n<li>Nach\u00e1z\u00ed se v bl\u00edzkosti golfov\u00fdch h\u0159i\u0161\u0165<\/li>\n<li>Posilovna, sauna, kancel\u00e1\u0159sk\u00e9 prostory na m\u00edru, v\u0161e je mo\u017en\u00e9!<\/li>\n<li>P\u0159ipraveno k nast\u011bhov\u00e1n\u00ed 2027<\/li>\n<\/ul>\n<p><strong>*** B\u0159ezen 2025 \u2013 jedna vila st\u00e1le na prodej \u2013 2 950 000 \u20ac (bez DPH)***<\/strong><\/p>\n\n\t\t<\/div>\n\t<\/div>\n<div class=\"vc_btn3-container  photo-button vc_btn3-center\" ><a style=\"background-color:#bbaa85; color:#ffffff;\" class=\"vc_general vc_btn3 vc_btn3-size-lg vc_btn3-shape-square vc_btn3-style-custom\" href=\"https:\/\/villas-jasmine.com\/cs\/meer-info-brochure-villas-jasmine\/\" title=\"V\u00edce informac\u00ed\">V\u00cdCE INFORMAC\u00cd<\/a><\/div>\n\t\t<\/div>\n\t<\/div>\n\t<\/div>\n\n<\/div>\n<\/div>\n\n<div  class=\"content_row row vc_row wpb_row  default-style fullwidth\" >\n\t\n\t<div class=\"content_row_wrapper  default\" >\n\t<div id=\"asdasd\" class=\"vc_col-sm-12 wpb_column vc_column_container\" >\n\t<div class=\"vc_column-inner\">\n\t\t<div class=\"wpb_wrapper\" >\n\t\t\t\n\t<div class=\"wpb_text_column wpb_content_element\" >\n\t\t<div class=\"wpb_wrapper\">\n\t\t\t<p><em><strong>Vily\u00a0<\/strong><\/em><\/p>\n<h2>VILLA ROMERO \u2013 3 LO\u017dNICE<\/h2>\n<p>Nab\u00edz\u00ed t\u0159i lo\u017enice a dv\u011b a p\u016fl koupelny, v\u0161echny na jednom pat\u0159e.<\/p>\n<ul>\n<li>T\u0159i lo\u017enice<\/li>\n<li>Dv\u011b a p\u016fl koupelny<\/li>\n<li>Velk\u00fd otev\u0159en\u00fd ob\u00fdvac\u00ed prostor s pln\u011b vybavenou kuchyn\u00ed, ob\u00fdvac\u00edm pokojem a j\u00eddelnou<\/li>\n<li>Extra vysok\u00e9 stropy a okna umo\u017e\u0148uj\u00ed pronik\u00e1n\u00ed sv\u011btla do domu<\/li>\n<\/ul>\n<p>&nbsp;<\/p>\n<h2>VILLA LAUREL \u2013 4 LO\u017dNICE<\/h2>\n<p>Disponuje \u010dty\u0159mi lo\u017enicemi a t\u0159emi a p\u016fl koupelnami na dvou podla\u017e\u00edch.<\/p>\n<ul>\n<li>Velk\u00fd otev\u0159en\u00fd ob\u00fdvac\u00ed prostor s pln\u011b vybavenou kuchyn\u00ed, ob\u00fdvac\u00edm pokojem a j\u00eddelnou<\/li>\n<li>hlavn\u00ed lo\u017enice<\/li>\n<li>Koupelna pro hosty<\/li>\n<li>T\u0159i pokoje pro hosty<\/li>\n<li>Dv\u011b koupelny<\/li>\n<li>Je tak\u00e9 mo\u017en\u00e9 vytvo\u0159it hlavn\u00ed apartm\u00e1 v pat\u0159e.<\/li>\n<\/ul>\n<p>&nbsp;<\/p>\n<h2>VILLA TOMILLO \u2013 3 LO\u017dNICE<\/h2>\n<p>Zahrnuje t\u0159i lo\u017enice a t\u0159i a p\u016fl koupelny na t\u0159ech podla\u017e\u00edch.<\/p>\n<ul>\n<li>Velk\u00fd otev\u0159en\u00fd ob\u00fdvac\u00ed prostor sest\u00e1vaj\u00edc\u00ed z pln\u011b vybaven\u00e9 kuchyn\u011b, ob\u00fdvac\u00edho pokoje a j\u00eddelny<\/li>\n<li>WC pro hosty<\/li>\n<li>Mezipatro se dv\u011bma lo\u017enicemi pro hosty, ka\u017ed\u00e1 s vlastn\u00ed koupelnou.<\/li>\n<li>Hlavn\u00ed apartm\u00e1 se nach\u00e1z\u00ed v \u00farovni zahrady s vlastn\u00ed koupelnou a p\u0159\u00edstupem do soukrom\u00e9 upraven\u00e9 zahrady.<\/li>\n<li>M\u00e1 dv\u011b terasy, kter\u00e9 v\u00e1m umo\u017en\u00ed sledovat slunce a zm\u011bnit v\u00fdhled, pokud chcete<\/li>\n<li>Extra vysok\u00e9 stropy a okna umo\u017e\u0148uj\u00ed pronik\u00e1n\u00ed sv\u011btla do domu<\/li>\n<\/ul>\n\n\t\t<\/div>\n\t<\/div>\n<div class=\"vc_btn3-container  photo-button vc_btn3-center\" ><a style=\"background-color:#bbaa85; color:#ffffff;\" class=\"vc_general vc_btn3 vc_btn3-size-lg vc_btn3-shape-square vc_btn3-style-custom\" href=\"https:\/\/villas-jasmine.com\/cs\/meer-info-brochure-villas-jasmine\/\" title=\"V\u00edce informac\u00ed\">V\u00cdCE INFORMAC\u00cd<\/a><\/div>\n\t\t<\/div>\n\t<\/div>\n\t<\/div>\n\n<\/div>\n<\/div>","protected":false},"excerpt":{"rendered":"<p>&#8230; <a class=\"more-link\" href=\"https:\/\/villas-jasmine.com\/cs\/het-complex-villas-jasmine\/\">pokra\u010dovat ve \u010dten\u00ed<\/a><\/p>","protected":false},"author":1,"featured_media":0,"parent":0,"menu_order":0,"comment_status":"closed","ping_status":"closed","template":"","meta":{"footnotes":""},"class_list":["post-26","page","type-page","status-publish","hentry"],"_links":{"self":[{"href":"https:\/\/villas-jasmine.com\/cs\/wp-json\/wp\/v2\/pages\/26","targetHints":{"allow":["GET"]}}],"collection":[{"href":"https:\/\/villas-jasmine.com\/cs\/wp-json\/wp\/v2\/pages"}],"about":[{"href":"https:\/\/villas-jasmine.com\/cs\/wp-json\/wp\/v2\/types\/page"}],"author":[{"embeddable":true,"href":"https:\/\/villas-jasmine.com\/cs\/wp-json\/wp\/v2\/users\/1"}],"replies":[{"embeddable":true,"href":"https:\/\/villas-jasmine.com\/cs\/wp-json\/wp\/v2\/comments?post=26"}],"version-history":[{"count":34,"href":"https:\/\/villas-jasmine.com\/cs\/wp-json\/wp\/v2\/pages\/26\/revisions"}],"predecessor-version":[{"id":3351,"href":"https:\/\/villas-jasmine.com\/cs\/wp-json\/wp\/v2\/pages\/26\/revisions\/3351"}],"wp:attachment":[{"href":"https:\/\/villas-jasmine.com\/cs\/wp-json\/wp\/v2\/media?parent=26"}],"curies":[{"name":"wp","href":"https:\/\/api.w.org\/{rel}","templated":true}]}}