{"id":220,"date":"2018-06-20T09:04:53","date_gmt":"2018-06-20T09:04:53","guid":{"rendered":"http:\/\/www.alhaurinvistagolf.com\/?page_id=220"},"modified":"2021-07-19T12:31:44","modified_gmt":"2021-07-19T12:31:44","slug":"meer-info-brochure-villas-jasmine","status":"publish","type":"page","link":"https:\/\/villas-jasmine.com\/de\/meer-info-brochure-villas-jasmine\/","title":{"rendered":"Mehr Info"},"content":{"rendered":"<div  class=\"content_row row vc_row wpb_row  default-style fullwidth\" >\n\t\n\t<div class=\"content_row_wrapper  fullwidth\" >\n\t<div id=\"asdasd\" class=\"vc_col-sm-12 wpb_column vc_column_container\" >\n\t<div class=\"vc_column-inner\">\n\t\t<div class=\"wpb_wrapper\" >\n\t\t\t\n<div id=\"rev_slider_7_1_wrapper\" class=\"rev_slider_wrapper fullwidthbanner-container\" data-source=\"gallery\" style=\"margin:0px auto;background:transparent;padding:0px;margin-top:0px;margin-bottom:0px;\">\n<!-- START REVOLUTION SLIDER 5.4.7.3 fullwidth mode -->\n\t<div id=\"rev_slider_7_1\" class=\"rev_slider fullwidthabanner\" style=\"display:none;\" data-version=\"5.4.7.3\">\n<ul>\t<!-- SLIDE  -->\n\t<li data-index=\"rs-9\" data-transition=\"fade\" data-slotamount=\"default\" data-hideafterloop=\"0\" data-hideslideonmobile=\"off\"  data-easein=\"default\" data-easeout=\"default\" data-masterspeed=\"300\"  data-rotate=\"0\"  data-saveperformance=\"off\"  data-ssop=\"true\"  data-title=\"Slide\" data-param1=\"\" data-param2=\"\" data-param3=\"\" data-param4=\"\" data-param5=\"\" data-param6=\"\" data-param7=\"\" data-param8=\"\" data-param9=\"\" data-param10=\"\" data-description=\"\">\n\t\t<!-- MAIN IMAGE -->\n\t\t<img decoding=\"async\" src=\"https:\/\/villas-jasmine.com\/wp-content\/plugins\/revslider\/admin\/assets\/images\/transparent.png\"  alt=\"\" title=\"Mehr Info\"  data-bgposition=\"center center\" data-bgfit=\"cover\" data-bgrepeat=\"no-repeat\" class=\"rev-slidebg\" data-no-retina>\n\t\t<!-- LAYERS -->\n\n\t\t<!-- LAYER NR. 1 -->\n\t\t<div class=\"tp-caption   tp-resizeme\" \n\t\t\t id=\"slide-9-layer-17\" \n\t\t\t data-x=\"-103\" \n\t\t\t data-y=\"\" \n\t\t\t\t\t\tdata-width=\"['none','none','none','none']\"\n\t\t\tdata-height=\"['none','none','none','none']\"\n \n\t\t\tdata-type=\"image\" \n\t\t\tdata-responsive_offset=\"on\" \n\n\t\t\tdata-frames='[{\"delay\":0,\"speed\":300,\"frame\":\"0\",\"from\":\"opacity:0;\",\"to\":\"o:1;\",\"ease\":\"Power3.easeInOut\"},{\"delay\":\"wait\",\"speed\":300,\"frame\":\"999\",\"to\":\"opacity:0;\",\"ease\":\"Power3.easeInOut\"}]'\n\t\t\tdata-textalign=\"['inherit','inherit','inherit','inherit']\"\n\t\t\tdata-paddingtop=\"[0,0,0,0]\"\n\t\t\tdata-paddingright=\"[0,0,0,0]\"\n\t\t\tdata-paddingbottom=\"[0,0,0,0]\"\n\t\t\tdata-paddingleft=\"[0,0,0,0]\"\n\n\t\t\tstyle=\"z-index: 7;\"><img loading=\"lazy\" decoding=\"async\" src=\"https:\/\/villas-jasmine.com\/wp-content\/uploads\/2021\/06\/header_meerinfo.jpg\" alt=\"Villa La Finca de Jasmine - terras met zeezicht\" data-ww=\"1447px\" data-hh=\"466px\" width=\"1447\" height=\"466\" data-no-retina> <\/div>\n\t<\/li>\n\t<!-- SLIDE  -->\n\t<li data-index=\"rs-10\" data-transition=\"fade\" data-slotamount=\"default\" data-hideafterloop=\"0\" data-hideslideonmobile=\"off\"  data-easein=\"default\" data-easeout=\"default\" data-masterspeed=\"2000\"  data-rotate=\"0\"  data-saveperformance=\"off\"  data-title=\"Slide\" data-param1=\"\" data-param2=\"\" data-param3=\"\" data-param4=\"\" data-param5=\"\" data-param6=\"\" data-param7=\"\" data-param8=\"\" data-param9=\"\" data-param10=\"\" data-description=\"\">\n\t\t<!-- MAIN IMAGE -->\n\t\t<img decoding=\"async\" src=\"https:\/\/www.alhaurinvistagolf.com\/wp-content\/uploads\/2018\/12\/Alhaurin-Vista-Golf-complex1.jpg\"  alt=\"\"  data-bgposition=\"center center\" data-bgfit=\"cover\" data-bgrepeat=\"no-repeat\" class=\"rev-slidebg\" data-no-retina>\n\t\t<!-- LAYERS -->\n\t<\/li>\n<\/ul>\n<div class=\"tp-bannertimer tp-bottom\" style=\"visibility: hidden !important;\"><\/div>\t<\/div>\n<script>var htmlDiv = document.getElementById(\"rs-plugin-settings-inline-css\"); var htmlDivCss=\"\";\r\n\t\t\t\tif(htmlDiv) {\r\n\t\t\t\t\thtmlDiv.innerHTML = htmlDiv.innerHTML + htmlDivCss;\r\n\t\t\t\t}else{\r\n\t\t\t\t\tvar htmlDiv = document.createElement(\"div\");\r\n\t\t\t\t\thtmlDiv.innerHTML = \"<style>\" + htmlDivCss + \"<\/style>\";\r\n\t\t\t\t\tdocument.getElementsByTagName(\"head\")[0].appendChild(htmlDiv.childNodes[0]);\r\n\t\t\t\t}\r\n\t\t\t<\/script>\n\t\t<script type=\"text\/javascript\">\r\nif (setREVStartSize!==undefined) setREVStartSize(\r\n\t{c: '#rev_slider_7_1', gridwidth: [1240], gridheight: [464], sliderLayout: 'fullwidth'});\r\n\t\t\t\r\nvar revapi7,\r\n\ttpj;\t\r\n(function() {\t\t\t\r\n\tif (!\/loaded|interactive|complete\/.test(document.readyState)) document.addEventListener(\"DOMContentLoaded\",onLoad); else onLoad();\t\r\n\tfunction onLoad() {\t\t\t\t\r\n\t\tif (tpj===undefined) { tpj = jQuery; if(\"off\" == \"on\") tpj.noConflict();}\r\n\tif(tpj(\"#rev_slider_7_1\").revolution == undefined){\n\t\trevslider_showDoubleJqueryError(\"#rev_slider_7_1\");\n\t}else{\n\t\trevapi7 = tpj(\"#rev_slider_7_1\").show().revolution({\n\t\t\tsliderType:\"standard\",\n\t\t\tjsFileLocation:\"\/\/villas-jasmine.com\/wp-content\/plugins\/revslider\/public\/assets\/js\/\",\n\t\t\tsliderLayout:\"fullwidth\",\n\t\t\tdottedOverlay:\"none\",\n\t\t\tdelay:6000,\n\t\t\tnavigation: {\n\t\t\t\tonHoverStop:\"off\",\n\t\t\t},\n\t\t\tvisibilityLevels:[1240,1024,778,480],\n\t\t\tgridwidth:1240,\n\t\t\tgridheight:464,\n\t\t\tlazyType:\"none\",\n\t\t\tshadow:0,\n\t\t\tspinner:\"spinner0\",\n\t\t\tstopLoop:\"off\",\n\t\t\tstopAfterLoops:-1,\n\t\t\tstopAtSlide:-1,\n\t\t\tshuffle:\"off\",\n\t\t\tautoHeight:\"off\",\n\t\t\tdisableProgressBar:\"on\",\n\t\t\thideThumbsOnMobile:\"off\",\n\t\t\thideSliderAtLimit:0,\n\t\t\thideCaptionAtLimit:0,\n\t\t\thideAllCaptionAtLilmit:0,\n\t\t\tdebugMode:false,\n\t\t\tfallbacks: {\n\t\t\t\tsimplifyAll:\"off\",\n\t\t\t\tnextSlideOnWindowFocus:\"off\",\n\t\t\t\tdisableFocusListener:false,\n\t\t\t}\n\t\t});\n\t}; \/* END OF revapi call *\/\n\t\n }; \/* END OF ON LOAD FUNCTION *\/\r\n}()); \/* END OF WRAPPING FUNCTION *\/\r\n<\/script>\r\n\t\t<\/div><!-- END REVOLUTION SLIDER -->\n\t\t<\/div>\n\t<\/div>\n\t<\/div>\n\n<\/div>\n<\/div>\n\n<div  class=\"content_row row vc_row wpb_row  default-style fullwidth\" >\n\t\n\t<div class=\"content_row_wrapper  default\" >\n\t<div id=\"asdasd\" class=\"vc_col-sm-12 wpb_column vc_column_container\" >\n\t<div class=\"vc_column-inner\">\n\t\t<div class=\"wpb_wrapper\" >\n\t\t\t\n\t<div class=\"wpb_text_column wpb_content_element\" >\n\t\t<div class=\"wpb_wrapper\">\n\t\t\t<p><span style=\"font-weight: 400;\"><strong>Ein Lebensstil, von dem Sie immer getr\u00e4umt haben:<\/strong>\u00a0 Leben, arbeiten und genie\u00dfen Sie eine der Villen der La Finca de Jasmine. Gelegen in einer ruhigen, gr\u00fcnen Gegend mit Blick auf die ber\u00fchmte Bucht von Benahav\u00eds an der Costa del Sol. <\/span><\/p>\n<p><span style=\"font-weight: 400;\">Bekommen das <strong>Flugblatt<\/strong> und eine \u00dcbersicht der verf\u00fcgbaren H\u00e4user mit Preisen. Planen Sie, die Costa del Sol innerhalb von 3 Monaten zu besuchen? Die Besichtigungen sind nach Vereinbarung, daher empfehlen wir Ihnen, eine zu buchen <strong>Reservierung<\/strong> zu machen. F\u00fcllen Sie das unten stehende Formular aus, um die Brosch\u00fcre oder eine Reservierung zu erhalten.<\/span><\/p>\n\n\t\t<\/div>\n\t<\/div>\n\n\t\t<\/div>\n\t<\/div>\n\t<\/div>\n\n<\/div>\n<\/div>\n\n<div  class=\"content_row row vc_row wpb_row  default-style fullwidth\" >\n\t\n\t<div class=\"content_row_wrapper  fullwidth\" ><div id=\"asdasd\" class=\"vc_col-sm-8 wpb_column vc_column_container\" >\n\t<div class=\"vc_column-inner\">\n\t\t<div class=\"wpb_wrapper\" >\n\t\t\t\n\t<div class=\"wpb_raw_code wpb_content_element wpb_raw_html\" >\n\t\t<div class=\"wpb_wrapper\">\n\t\t\t<script src=\"https:\/\/www.google.com\/recaptcha\/api.js\" async defer><\/script>\n<div role=\"form\" class=\"wpcf7\" id=\"wpcf7-f230-p220-o1\" lang=\"nl-NL\" dir=\"ltr\">\n<div class=\"screen-reader-response\"><\/div>\n<form id=\"wp-cognito-more-info\" class=\"wpcf7-form\" novalidate=\"novalidate\" _lpchecked=\"1\" action=\"\">\n    <input type=\"hidden\" id=\"soort\" name=\"soort\" value=\"more-info\">\n    <input type=\"hidden\" id=\"costa\" name=\"costa\" value=\"Costa del Sol\">\n    <input type=\"hidden\" id=\"province\" name=\"province\" value=\"M\u00e1laga\">\n    <div style=\"display: none;\">\n    <\/div>\n    <div id=\"contactanchor\"><\/div>\n    <table class=\"form-table\">\n    <tbody><tr>\n    <td>\n        <label>Name (*):<\/label>\n        <span class=\"wpcf7-form-control-wrap Naam\">\n            <input type=\"text\" name=\"name\" id=\"name\" value=\"\" size=\"30\" class=\"wpcf7-form-control wpcf7-text wpcf7-validates-as-required\" aria-required=\"true\" aria-invalid=\"false\" style=\"background-image: url(&quot;data:image\/png;base64,iVBORw0KGgoAAAANSUhEUgAAABAAAAAQCAYAAAAf8\/9hAAABHklEQVQ4EaVTO26DQBD1ohQWaS2lg9JybZ+AK7hNwx2oIoVf4UPQ0Lj1FdKktevIpel8AKNUkDcWMxpgSaIEaTVv3sx7uztiTdu2s\/98DywOw3Dued4Who\/M2aIx5lZV1aEsy0+qiwHELyi+Ytl0PQ69SxAxkWIA4RMRTdNsKE59juMcuZd6xIAFeZ6fGCdJ8kY4y7KAuTRNGd7jyEBXsdOPE3a0QGPsniOnnYMO67LgSQN9T41F2QGrQRRFCwyzoIF2qyBuKKbcOgPXdVeY9rMWgNsjf9ccYesJhk3f5dYT1HX9gR0LLQR30TnjkUEcx2uIuS4RnI+aj6sJR0AM8AaumPaM\/rRehyWhXqbFAA9kh3\/8\/NvHxAYGAsZ\/il8IalkCLBfNVAAAAABJRU5ErkJggg==&quot;); background-repeat: no-repeat; background-attachment: scroll; background-size: 16px 18px; background-position: 98% 50%; cursor: auto;\">\n            <font color=\"red\"><label type=\"hidden\" id=\"name-label\" for=\"name\"><\/label><\/font>\n        <\/span> \n    <\/td>\n    <td>\n        <label>Email (*):<\/label>\n        <span class=\"wpcf7-form-control-wrap email\">\n            <input type=\"email\" name=\"email\" id=\"email\"  value=\"\" size=\"30\" class=\"wpcf7-form-control wpcf7-text wpcf7-email wpcf7-validates-as-required wpcf7-validates-as-email\" aria-required=\"true\" aria-invalid=\"false\">\n            <font color=\"red\"><label type=\"hidden\" id=\"email-label\" for=\"email\"><\/label><\/font>\n        <\/span> \n    <\/td>\n    <td>\n        <label>Adresse:<\/label>\n        <span class=\"wpcf7-form-control-wrap adres\">\n            <input type=\"text\" name=\"address\" id=\"address\" value=\"\" size=\"30\" class=\"wpcf7-form-control wpcf7-text wpcf7-validates-as-required\" aria-required=\"true\" aria-invalid=\"false\">\n            <font color=\"red\"><label type=\"hidden\" id=\"address-label\" for=\"address\"><\/label><\/font>\n        <\/span> \n    <\/td>\n    <\/tr>\n    <tr>\n    <td>\n        <label>Stadt:<\/label>\n        <span class=\"wpcf7-form-control-wrap stad\">\n            <input type=\"text\" name=\"city\" id=\"city\" value=\"\" size=\"30\" class=\"wpcf7-form-control wpcf7-text wpcf7-validates-as-required\" aria-required=\"true\" aria-invalid=\"false\">\n            <font color=\"red\"><label type=\"hidden\" id=\"city-label\" for=\"city\"><\/label><\/font>\n        <\/span> \n    <\/td>\n    <td>\n        <label>Land:<\/label>\n        <span class=\"wpcf7-form-control-wrap land\">\n            <input type=\"text\" name=\"country\" id=\"country\" value=\"\" size=\"30\" class=\"wpcf7-form-control wpcf7-text wpcf7-validates-as-required\" aria-required=\"true\" aria-invalid=\"false\">\n            <font color=\"red\"><label type=\"hidden\" id=\"text-label\" for=\"text\"><\/label><\/font>\n        <\/span> \n    <\/td>\n    <td>\n        <label>Telefonnummer (*):<\/label>\n        <span class=\"wpcf7-form-control-wrap telefoon\">\n            <input type=\"text\" name=\"phone\" id=\"phone\" value=\"\" size=\"30\" class=\"wpcf7-form-control wpcf7-text wpcf7-validates-as-required\" aria-required=\"true\" aria-invalid=\"false\">\n            <font color=\"red\"><label type=\"hidden\" id=\"phone-label\" for=\"phone\"><\/label><\/font>\n        <\/span> \n    <\/td>\n    <\/tr>\n    <tr>\n    <td colspan=\"3\">\n        <span class=\"wpcf7-form-control-wrap notes\">\n            <font color=\"red\"><label type=\"hidden\" id=\"comments-label\" for=\"comments\"><\/label><\/font>\n            <textarea name=\"comments\" id=\"comments\" cols=\"38\" rows=\"10\" class=\"wpcf7-form-control wpcf7-textarea note-field\" aria-invalid=\"false\" placeholder=\"Bemerkungen\"><\/textarea>\n        <\/span><\/td>\n    <\/tr>\n    <tr>\n    <td colspan=\"3\">\n        <p>\n            <font color=\"red\"><label type=\"hidden\" id=\"privacy-label\" for=\"privacy\"><\/label><\/font><br>\n            <input type=\"checkbox\" name=\"privacy\" id=\"privacy\">\n            <label>Ich stimme dem zu <a href=\"\/de\/privacy-policy\/\">Datenschutz-Bestimmungen<\/a><\/label>\n        <\/p>\n        <input \n            type=\"button\" \n            value=\"Senden\" \n            class=\"wpcf7-form-control wpcf7-submit\"\n            onclick=\"sendForm('wp-cognito-more-info', 'check-detail-form');\"\n        ><span class=\"ajax-loader\"><\/span>\n        <font color=\"red\"><label type=\"hidden\" id=\"captcha-label\"><\/label><\/font>\n    <\/tr>\n    <\/tbody><\/table>\n    <div class=\"wpcf7-response-output wpcf7-display-none\"><\/div>\n    <div\n        id='recaptcha' \n        class=\"g-recaptcha\"\n        data-sitekey=\"6LeDglAbAAAAAFYdcDo4q0lcQd8DkpBTjE2C7KRM\"\n        data-callback=\"sendForm2\"\n        data-size=\"invisible\">\n    <\/div>\n<input type=\"hidden\" name=\"trp-form-language\" value=\"de\"\/><\/form>\n<\/div>\n<style>\n    table.form-table td {\n        vertical-align: top!important;\n    }\n\n    span.customselect.country-drop-down {\n        width: 104%;\n        background-color: rgba(0,0,0,.02);\n    }\n<\/style>\n\n\t\t<\/div>\n\t<\/div>\n\n\t\t<\/div>\n\t<\/div>\n\t<\/div>\n\n\t<div id=\"asdasd\" class=\"vc_col-sm-4 wpb_column vc_column_container\" >\n\t<div class=\"vc_column-inner\">\n\t\t<div class=\"wpb_wrapper\" >\n\t\t\t<section id=\"testimonial-969547\" class=\"testimonials clearfix  center\" data-column-width=\"1\"><div class=\"row\"><div id=\"224\" class=\"testimonial col col-sm-12  first loop post-224 testimonial type-testimonial status-publish hentry testimonial_categories-ervaringen\">\n\n\n\n<div class=\"text\">\n\t\n\t<p><span class=\"icon-quote-left\"><\/span>Unserer Meinung nach der sch\u00f6nste Neubaukomplex zwischen Malaga und Estepona. Moderne H\u00e4user mit herrlichem Blick auf die K\u00fcste von Fuengirola.<span class=\"icon-quote-right\"><\/span><\/p>\n\t\n\n\t<div class=\"client_info\">\n\n\t\t\tMelanie \n\t\t\t\t\n\t\t\t\t\t\n\t\t\n\n\t<\/div>\n<\/div><\/div>\n<\/div><\/section>\n\t\t<\/div>\n\t<\/div>\n\t<\/div>\n<\/div>\n<\/div>","protected":false},"excerpt":{"rendered":"<p>&#8230; <a class=\"more-link\" href=\"https:\/\/villas-jasmine.com\/de\/testimonial\/anneke-rietveld\/\">Weiterlesen<\/a><\/p>","protected":false},"author":1,"featured_media":0,"parent":0,"menu_order":0,"comment_status":"closed","ping_status":"closed","template":"","meta":{"footnotes":""},"class_list":["post-220","page","type-page","status-publish","hentry"],"_links":{"self":[{"href":"https:\/\/villas-jasmine.com\/de\/wp-json\/wp\/v2\/pages\/220","targetHints":{"allow":["GET"]}}],"collection":[{"href":"https:\/\/villas-jasmine.com\/de\/wp-json\/wp\/v2\/pages"}],"about":[{"href":"https:\/\/villas-jasmine.com\/de\/wp-json\/wp\/v2\/types\/page"}],"author":[{"embeddable":true,"href":"https:\/\/villas-jasmine.com\/de\/wp-json\/wp\/v2\/users\/1"}],"replies":[{"embeddable":true,"href":"https:\/\/villas-jasmine.com\/de\/wp-json\/wp\/v2\/comments?post=220"}],"version-history":[{"count":31,"href":"https:\/\/villas-jasmine.com\/de\/wp-json\/wp\/v2\/pages\/220\/revisions"}],"predecessor-version":[{"id":3300,"href":"https:\/\/villas-jasmine.com\/de\/wp-json\/wp\/v2\/pages\/220\/revisions\/3300"}],"wp:attachment":[{"href":"https:\/\/villas-jasmine.com\/de\/wp-json\/wp\/v2\/media?parent=220"}],"curies":[{"name":"wp","href":"https:\/\/api.w.org\/{rel}","templated":true}]}}