{"id":2800,"date":"2018-06-20T12:56:43","date_gmt":"2018-06-20T12:56:43","guid":{"rendered":"http:\/\/www.alhaurinvistagolf.com\/?page_id=2800"},"modified":"2021-07-19T12:22:21","modified_gmt":"2021-07-19T12:22:21","slug":"over-ons","status":"publish","type":"page","link":"https:\/\/villas-jasmine.com\/es\/over-ons\/","title":{"rendered":"Acerca de nosotros"},"content":{"rendered":"<div  class=\"content_row row vc_row wpb_row  default-style fullwidth\" >\n\t\n\t<div class=\"content_row_wrapper  default\" >\n\t<div id=\"asdasd\" class=\"vc_col-sm-12 wpb_column vc_column_container\" >\n\t<div class=\"vc_column-inner\">\n\t\t<div class=\"wpb_wrapper\" >\n\t\t\t<div class=\"wpb_revslider_element wpb_content_element\">\n<div id=\"rev_slider_4_1_wrapper\" class=\"rev_slider_wrapper fullwidthbanner-container\" data-source=\"gallery\" style=\"margin:0px auto;background:transparent;padding:0px;margin-top:0px;margin-bottom:0px;\">\n<!-- START REVOLUTION SLIDER 5.4.7.3 fullwidth mode -->\n\t<div id=\"rev_slider_4_1\" class=\"rev_slider fullwidthabanner\" style=\"display:none;\" data-version=\"5.4.7.3\">\n<ul>\t<!-- SLIDE  -->\n\t<li data-index=\"rs-6\" data-transition=\"fade\" data-slotamount=\"default\" data-hideafterloop=\"0\" data-hideslideonmobile=\"off\"  data-easein=\"default\" data-easeout=\"default\" data-masterspeed=\"300\"  data-rotate=\"0\"  data-saveperformance=\"off\"  data-ssop=\"true\"  data-title=\"Slide\" data-param1=\"\" data-param2=\"\" data-param3=\"\" data-param4=\"\" data-param5=\"\" data-param6=\"\" data-param7=\"\" data-param8=\"\" data-param9=\"\" data-param10=\"\" data-description=\"\">\n\t\t<!-- MAIN IMAGE -->\n\t\t<img decoding=\"async\" src=\"https:\/\/villas-jasmine.com\/wp-content\/plugins\/revslider\/admin\/assets\/images\/transparent.png\"  alt=\"\" title=\"Acerca de nosotros\"  data-bgposition=\"center center\" data-bgfit=\"cover\" data-bgrepeat=\"no-repeat\" class=\"rev-slidebg\" data-no-retina>\n\t\t<!-- LAYERS -->\n\n\t\t<!-- LAYER NR. 1 -->\n\t\t<div class=\"tp-caption   tp-resizeme\" \n\t\t\t id=\"slide-6-layer-7\" \n\t\t\t data-x=\"-101\" \n\t\t\t data-y=\"-112\" \n\t\t\t\t\t\tdata-width=\"['none','none','none','none']\"\n\t\t\tdata-height=\"['none','none','none','none']\"\n \n\t\t\tdata-type=\"image\" \n\t\t\tdata-responsive_offset=\"on\" \n\n\t\t\tdata-frames='[{\"delay\":0,\"speed\":300,\"frame\":\"0\",\"from\":\"opacity:0;\",\"to\":\"o:1;\",\"ease\":\"Power3.easeInOut\"},{\"delay\":\"wait\",\"speed\":300,\"frame\":\"999\",\"to\":\"opacity:0;\",\"ease\":\"Power3.easeInOut\"}]'\n\t\t\tdata-textalign=\"['inherit','inherit','inherit','inherit']\"\n\t\t\tdata-paddingtop=\"[0,0,0,0]\"\n\t\t\tdata-paddingright=\"[0,0,0,0]\"\n\t\t\tdata-paddingbottom=\"[0,0,0,0]\"\n\t\t\tdata-paddingleft=\"[0,0,0,0]\"\n\n\t\t\tstyle=\"z-index: 5;\"><img decoding=\"async\" src=\"https:\/\/www.alhaurinvistagolf.com\/wp-content\/uploads\/2019\/01\/slg-property-alharin-vista-golf-1.jpg\" alt=\"\" data-ww=\"1448px\" data-hh=\"724px\" data-no-retina> <\/div>\n\t<\/li>\n<\/ul>\n<div class=\"tp-bannertimer tp-bottom\" style=\"visibility: hidden !important;\"><\/div>\t<\/div>\n<script>var htmlDiv = document.getElementById(\"rs-plugin-settings-inline-css\"); var htmlDivCss=\"\";\r\n\t\t\t\tif(htmlDiv) {\r\n\t\t\t\t\thtmlDiv.innerHTML = htmlDiv.innerHTML + htmlDivCss;\r\n\t\t\t\t}else{\r\n\t\t\t\t\tvar htmlDiv = document.createElement(\"div\");\r\n\t\t\t\t\thtmlDiv.innerHTML = \"<style>\" + htmlDivCss + \"<\/style>\";\r\n\t\t\t\t\tdocument.getElementsByTagName(\"head\")[0].appendChild(htmlDiv.childNodes[0]);\r\n\t\t\t\t}\r\n\t\t\t<\/script>\n\t\t<script type=\"text\/javascript\">\r\nif (setREVStartSize!==undefined) setREVStartSize(\r\n\t{c: '#rev_slider_4_1', gridwidth: [1240], gridheight: [464], sliderLayout: 'fullwidth'});\r\n\t\t\t\r\nvar revapi4,\r\n\ttpj;\t\r\n(function() {\t\t\t\r\n\tif (!\/loaded|interactive|complete\/.test(document.readyState)) document.addEventListener(\"DOMContentLoaded\",onLoad); else onLoad();\t\r\n\tfunction onLoad() {\t\t\t\t\r\n\t\tif (tpj===undefined) { tpj = jQuery; if(\"off\" == \"on\") tpj.noConflict();}\r\n\tif(tpj(\"#rev_slider_4_1\").revolution == undefined){\n\t\trevslider_showDoubleJqueryError(\"#rev_slider_4_1\");\n\t}else{\n\t\trevapi4 = tpj(\"#rev_slider_4_1\").show().revolution({\n\t\t\tsliderType:\"standard\",\n\t\t\tjsFileLocation:\"\/\/villas-jasmine.com\/wp-content\/plugins\/revslider\/public\/assets\/js\/\",\n\t\t\tsliderLayout:\"fullwidth\",\n\t\t\tdottedOverlay:\"none\",\n\t\t\tdelay:6000,\n\t\t\tnavigation: {\n\t\t\t\tonHoverStop:\"off\",\n\t\t\t},\n\t\t\tvisibilityLevels:[1240,1024,778,480],\n\t\t\tgridwidth:1240,\n\t\t\tgridheight:464,\n\t\t\tlazyType:\"none\",\n\t\t\tshadow:0,\n\t\t\tspinner:\"spinner0\",\n\t\t\tstopLoop:\"off\",\n\t\t\tstopAfterLoops:-1,\n\t\t\tstopAtSlide:-1,\n\t\t\tshuffle:\"off\",\n\t\t\tautoHeight:\"off\",\n\t\t\tdisableProgressBar:\"on\",\n\t\t\thideThumbsOnMobile:\"off\",\n\t\t\thideSliderAtLimit:0,\n\t\t\thideCaptionAtLimit:0,\n\t\t\thideAllCaptionAtLilmit:0,\n\t\t\tdebugMode:false,\n\t\t\tfallbacks: {\n\t\t\t\tsimplifyAll:\"off\",\n\t\t\t\tnextSlideOnWindowFocus:\"off\",\n\t\t\t\tdisableFocusListener:false,\n\t\t\t}\n\t\t});\n\t}; \/* END OF revapi call *\/\n\t\n }; \/* END OF ON LOAD FUNCTION *\/\r\n}()); \/* END OF WRAPPING FUNCTION *\/\r\n<\/script>\r\n\t\t<\/div><!-- END REVOLUTION SLIDER --><\/div>\n\t\t<\/div>\n\t<\/div>\n\t<\/div>\n\n<\/div>\n<\/div>\n\n<div  class=\"content_row row vc_row wpb_row  default-style fullwidth\" >\n\t\n\t<div class=\"content_row_wrapper  default\" >\n\t<div id=\"asdasd\" class=\"vc_col-sm-12 wpb_column vc_column_container\" >\n\t<div class=\"vc_column-inner\">\n\t\t<div class=\"wpb_wrapper\" >\n\t\t\t\n\t<div class=\"wpb_text_column wpb_content_element\" >\n\t\t<div class=\"wpb_wrapper\">\n\t\t\t<h3>SLG Property \u2013 experiencia, conocimientos y la mayor selecci\u00f3n de proyectos de obra nueva en la Costa del Sol<\/h3>\n<p>SLG Property est\u00e1 formada por un equipo de agentes inmobiliarios con amplia experiencia y conocimiento, que hablan neerland\u00e9s e ingl\u00e9s, en la Costa del Sol. Su fundador, Ron de Vries, cuenta con m\u00e1s de veinte a\u00f1os de experiencia como agente inmobiliario en la Costa del Sol. Gracias a su extensa red de promotores y entidades bancarias espa\u00f1olas, SLG es una de las pocas agencias en la Costa del Sol que ofrece pr\u00e1cticamente cualquier proyecto de obra nueva. Esto significa que SLG Property realmente prioriza sus necesidades.<\/p>\n<p>Gracias a sus s\u00f3lidas relaciones con promotores y bancos espa\u00f1oles, SLG Property es uno de los pocos agentes inmobiliarios no espa\u00f1oles que puede ofrecer proyectos de nueva construcci\u00f3n muy interesantes.<br \/>\nEn los \u00faltimos a\u00f1os, SLG Property vendi\u00f3 la mayor\u00eda de las propiedades de nueva construcci\u00f3n a clientes holandeses y flamencos para varios bancos espa\u00f1oles m\u00e1s grandes.<\/p>\n<p>Los apartamentos Alhaur\u00edn Vista Golf son muy atractivos tanto para inversores como para particulares. Se encuentran en pleno campo de golf de Alhaur\u00edn, a poca distancia del aeropuerto y de las playas m\u00e1s bonitas de la Costa del Sol. Estos apartamentos de nueva construcci\u00f3n han sido valorados en consulta con el banco para una venta r\u00e1pida. Adem\u00e1s, se trata de una promoci\u00f3n de obra nueva donde no tendr\u00e1 que esperar a\u00f1os; podr\u00e1 mudarse de inmediato.<\/p>\n<p>SLG tiene un sitio web especial con \u00e9l <a href=\"https:\/\/www.nieuwbouwspanje.com\" target=\"_blank\" rel=\"noopener\">Ofrecer nuevos proyectos de construcci\u00f3n en la Costa del Sol<\/a> . P\u00f3ngase en contacto con nosotros para obtener m\u00e1s informaci\u00f3n o una reuni\u00f3n introductoria.<\/p>\n\n\t\t<\/div>\n\t<\/div>\n\n\t\t<\/div>\n\t<\/div>\n\t<\/div>\n\n<\/div>\n<\/div>","protected":false},"excerpt":{"rendered":"<p>&#8230; <a class=\"more-link\" href=\"https:\/\/villas-jasmine.com\/es\/over-ons\/\">sigue leyendo<\/a><\/p>","protected":false},"author":1,"featured_media":0,"parent":0,"menu_order":0,"comment_status":"closed","ping_status":"closed","template":"","meta":{"footnotes":""},"class_list":["post-2800","page","type-page","status-publish","hentry"],"_links":{"self":[{"href":"https:\/\/villas-jasmine.com\/es\/wp-json\/wp\/v2\/pages\/2800","targetHints":{"allow":["GET"]}}],"collection":[{"href":"https:\/\/villas-jasmine.com\/es\/wp-json\/wp\/v2\/pages"}],"about":[{"href":"https:\/\/villas-jasmine.com\/es\/wp-json\/wp\/v2\/types\/page"}],"author":[{"embeddable":true,"href":"https:\/\/villas-jasmine.com\/es\/wp-json\/wp\/v2\/users\/1"}],"replies":[{"embeddable":true,"href":"https:\/\/villas-jasmine.com\/es\/wp-json\/wp\/v2\/comments?post=2800"}],"version-history":[{"count":9,"href":"https:\/\/villas-jasmine.com\/es\/wp-json\/wp\/v2\/pages\/2800\/revisions"}],"predecessor-version":[{"id":3302,"href":"https:\/\/villas-jasmine.com\/es\/wp-json\/wp\/v2\/pages\/2800\/revisions\/3302"}],"wp:attachment":[{"href":"https:\/\/villas-jasmine.com\/es\/wp-json\/wp\/v2\/media?parent=2800"}],"curies":[{"name":"gracias","href":"https:\/\/api.w.org\/{rel}","templated":true}]}}