{"id":26,"date":"2018-06-18T12:35:33","date_gmt":"2018-06-18T12:35:33","guid":{"rendered":"http:\/\/www.alhaurinvistagolf.com\/?page_id=26"},"modified":"2025-03-12T14:06:14","modified_gmt":"2025-03-12T14:06:14","slug":"het-complex-villas-jasmine","status":"publish","type":"page","link":"https:\/\/villas-jasmine.com\/fr\/het-complex-villas-jasmine\/","title":{"rendered":"Le complexe"},"content":{"rendered":"<div  class=\"content_row row vc_row wpb_row  default-style fullwidth\" >\n\t\n\t<div class=\"content_row_wrapper  default\" >\n\t<div id=\"asdasd\" class=\"vc_col-sm-12 wpb_column vc_column_container\" >\n\t<div class=\"vc_column-inner\">\n\t\t<div class=\"wpb_wrapper\" >\n\t\t\t<div class=\"wpb_revslider_element wpb_content_element\">\n<div id=\"rev_slider_6_1_wrapper\" class=\"rev_slider_wrapper fullwidthbanner-container\" data-source=\"gallery\" style=\"margin:0px auto;background:transparent;padding:0px;margin-top:0px;margin-bottom:0px;\">\n<!-- START REVOLUTION SLIDER 5.4.7.3 fullwidth mode -->\n\t<div id=\"rev_slider_6_1\" class=\"rev_slider fullwidthabanner\" style=\"display:none;\" data-version=\"5.4.7.3\">\n<ul>\t<!-- SLIDE  -->\n\t<li data-index=\"rs-8\" data-transition=\"fade\" data-slotamount=\"default\" data-hideafterloop=\"0\" data-hideslideonmobile=\"off\"  data-easein=\"default\" data-easeout=\"default\" data-masterspeed=\"300\"  data-rotate=\"0\"  data-saveperformance=\"off\"  data-ssop=\"true\"  data-title=\"Slide\" data-param1=\"\" data-param2=\"\" data-param3=\"\" data-param4=\"\" data-param5=\"\" data-param6=\"\" data-param7=\"\" data-param8=\"\" data-param9=\"\" data-param10=\"\" data-description=\"\">\n\t\t<!-- MAIN IMAGE -->\n\t\t<img decoding=\"async\" src=\"https:\/\/villas-jasmine.com\/wp-content\/plugins\/revslider\/admin\/assets\/images\/transparent.png\"  alt=\"\" title=\"Le complexe\"  data-bgposition=\"center center\" data-bgfit=\"cover\" data-bgrepeat=\"no-repeat\" class=\"rev-slidebg\" data-no-retina>\n\t\t<!-- LAYERS -->\n\n\t\t<!-- LAYER NR. 1 -->\n\t\t<div class=\"tp-caption   tp-resizeme\" \n\t\t\t id=\"slide-8-layer-13\" \n\t\t\t data-x=\"-101\" \n\t\t\t data-y=\"\" \n\t\t\t\t\t\tdata-width=\"['none','none','none','none']\"\n\t\t\tdata-height=\"['none','none','none','none']\"\n \n\t\t\tdata-type=\"image\" \n\t\t\tdata-responsive_offset=\"on\" \n\n\t\t\tdata-frames='[{\"delay\":0,\"speed\":300,\"frame\":\"0\",\"from\":\"opacity:0;\",\"to\":\"o:1;\",\"ease\":\"Power3.easeInOut\"},{\"delay\":\"wait\",\"speed\":300,\"frame\":\"999\",\"to\":\"opacity:0;\",\"ease\":\"Power3.easeInOut\"}]'\n\t\t\tdata-textalign=\"['inherit','inherit','inherit','inherit']\"\n\t\t\tdata-paddingtop=\"[0,0,0,0]\"\n\t\t\tdata-paddingright=\"[0,0,0,0]\"\n\t\t\tdata-paddingbottom=\"[0,0,0,0]\"\n\t\t\tdata-paddingleft=\"[0,0,0,0]\"\n\n\t\t\tstyle=\"z-index: 6;\"><img loading=\"lazy\" decoding=\"async\" src=\"https:\/\/villas-jasmine.com\/wp-content\/uploads\/2021\/06\/header_complex.jpg\" alt=\"Villa La Finca de Jasmine - total view\" data-ww=\"1447px\" data-hh=\"466px\" width=\"1447\" height=\"466\" data-no-retina> <\/div>\n\t<\/li>\n<\/ul>\n<div class=\"tp-bannertimer tp-bottom\" style=\"visibility: hidden !important;\"><\/div>\t<\/div>\n<script>var htmlDiv = document.getElementById(\"rs-plugin-settings-inline-css\"); var htmlDivCss=\"\";\r\n\t\t\t\tif(htmlDiv) {\r\n\t\t\t\t\thtmlDiv.innerHTML = htmlDiv.innerHTML + htmlDivCss;\r\n\t\t\t\t}else{\r\n\t\t\t\t\tvar htmlDiv = document.createElement(\"div\");\r\n\t\t\t\t\thtmlDiv.innerHTML = \"<style>\" + htmlDivCss + \"<\/style>\";\r\n\t\t\t\t\tdocument.getElementsByTagName(\"head\")[0].appendChild(htmlDiv.childNodes[0]);\r\n\t\t\t\t}\r\n\t\t\t<\/script>\n\t\t<script type=\"text\/javascript\">\r\nif (setREVStartSize!==undefined) setREVStartSize(\r\n\t{c: '#rev_slider_6_1', gridwidth: [1240], gridheight: [464], sliderLayout: 'fullwidth'});\r\n\t\t\t\r\nvar revapi6,\r\n\ttpj;\t\r\n(function() {\t\t\t\r\n\tif (!\/loaded|interactive|complete\/.test(document.readyState)) document.addEventListener(\"DOMContentLoaded\",onLoad); else onLoad();\t\r\n\tfunction onLoad() {\t\t\t\t\r\n\t\tif (tpj===undefined) { tpj = jQuery; if(\"off\" == \"on\") tpj.noConflict();}\r\n\tif(tpj(\"#rev_slider_6_1\").revolution == undefined){\n\t\trevslider_showDoubleJqueryError(\"#rev_slider_6_1\");\n\t}else{\n\t\trevapi6 = tpj(\"#rev_slider_6_1\").show().revolution({\n\t\t\tsliderType:\"standard\",\n\t\t\tjsFileLocation:\"\/\/villas-jasmine.com\/wp-content\/plugins\/revslider\/public\/assets\/js\/\",\n\t\t\tsliderLayout:\"fullwidth\",\n\t\t\tdottedOverlay:\"none\",\n\t\t\tdelay:6000,\n\t\t\tnavigation: {\n\t\t\t\tonHoverStop:\"off\",\n\t\t\t},\n\t\t\tvisibilityLevels:[1240,1024,778,480],\n\t\t\tgridwidth:1240,\n\t\t\tgridheight:464,\n\t\t\tlazyType:\"none\",\n\t\t\tshadow:0,\n\t\t\tspinner:\"spinner0\",\n\t\t\tstopLoop:\"off\",\n\t\t\tstopAfterLoops:-1,\n\t\t\tstopAtSlide:-1,\n\t\t\tshuffle:\"off\",\n\t\t\tautoHeight:\"off\",\n\t\t\tdisableProgressBar:\"on\",\n\t\t\thideThumbsOnMobile:\"off\",\n\t\t\thideSliderAtLimit:0,\n\t\t\thideCaptionAtLimit:0,\n\t\t\thideAllCaptionAtLilmit:0,\n\t\t\tdebugMode:false,\n\t\t\tfallbacks: {\n\t\t\t\tsimplifyAll:\"off\",\n\t\t\t\tnextSlideOnWindowFocus:\"off\",\n\t\t\t\tdisableFocusListener:false,\n\t\t\t}\n\t\t});\n\t}; \/* END OF revapi call *\/\n\t\n }; \/* END OF ON LOAD FUNCTION *\/\r\n}()); \/* END OF WRAPPING FUNCTION *\/\r\n<\/script>\r\n\t\t<\/div><!-- END REVOLUTION SLIDER --><\/div>\n\t\t<\/div>\n\t<\/div>\n\t<\/div>\n\n<\/div>\n<\/div>\n\n<div  class=\"content_row row vc_row wpb_row  default-style fullwidth\" >\n\t\n\t<div class=\"content_row_wrapper  default\" >\n\t<div id=\"asdasd\" class=\"vc_col-sm-12 wpb_column vc_column_container\" >\n\t<div class=\"vc_column-inner\">\n\t\t<div class=\"wpb_wrapper\" >\n\t\t\t\n\t<div class=\"wpb_text_column wpb_content_element\" >\n\t\t<div class=\"wpb_wrapper\">\n\t\t\t<h1><strong><em>Villas La Finca de Jasmine<\/em><\/strong><\/h1>\n<p style=\"text-align: left;\">La Finca de Jasmine propose 14 magnifiques villas neuves aux int\u00e9rieurs modernes et \u00e9l\u00e9gants. Le complexe de luxe est enti\u00e8rement cl\u00f4tur\u00e9, garantissant une grande intimit\u00e9.<\/p>\n<p style=\"text-align: left;\">D&#039;une superficie totale de 269 000 m\u00b2, le complexe offre un espace pour 14 villas luxueuses avec trois types d&#039;agencement, les rendant adapt\u00e9es au style de vie de votre choix.<\/p>\n<p style=\"text-align: left;\">Le complexe dispose de magnifiques jardins m\u00e9diterran\u00e9ens et d&#039;une piscine priv\u00e9e, et offre un acc\u00e8s facile \u00e0 Marbella et Estepona. La propri\u00e9t\u00e9 dispose \u00e9galement d&#039;un club-house et d&#039;un spa.<\/p>\n<ul>\n<li>Id\u00e9alement situ\u00e9 par rapport \u00e0 Marbella, Puerto Ban\u00fas<\/li>\n<li>Villas neuves de 3 chambres et 4 chambres<\/li>\n<li>Cuisine ouverte, piscine priv\u00e9e, grandes terrasses et chauffage au sol<\/li>\n<li>Belle vue sur la mer M\u00e9diterran\u00e9e<\/li>\n<li>Situ\u00e9 \u00e0 proximit\u00e9 des terrains de golf<\/li>\n<li>Gym, sauna, espace bureau sur mesure, tout est possible !<\/li>\n<li>Pr\u00eat \u00e0 \u00eatre occup\u00e9 en 2027<\/li>\n<\/ul>\n<p><strong>*** Mars 2025 \u2013 une villa encore \u00e0 vendre \u2013 2 950 000 \u20ac (hors TVA)***<\/strong><\/p>\n\n\t\t<\/div>\n\t<\/div>\n<div class=\"vc_btn3-container  photo-button vc_btn3-center\" ><a style=\"background-color:#bbaa85; color:#ffffff;\" class=\"vc_general vc_btn3 vc_btn3-size-lg vc_btn3-shape-square vc_btn3-style-custom\" href=\"https:\/\/villas-jasmine.com\/fr\/meer-info-brochure-villas-jasmine\/\" title=\"Plus d&#039;infos\">PLUS D&#039;INFOS<\/a><\/div>\n\t\t<\/div>\n\t<\/div>\n\t<\/div>\n\n<\/div>\n<\/div>\n\n<div  class=\"content_row row vc_row wpb_row  default-style fullwidth\" >\n\t\n\t<div class=\"content_row_wrapper  default\" >\n\t<div id=\"asdasd\" class=\"vc_col-sm-12 wpb_column vc_column_container\" >\n\t<div class=\"vc_column-inner\">\n\t\t<div class=\"wpb_wrapper\" >\n\t\t\t\n\t<div class=\"wpb_text_column wpb_content_element\" >\n\t\t<div class=\"wpb_wrapper\">\n\t\t\t<p><em><strong>Les Villas\u00a0<\/strong><\/em><\/p>\n<h2>VILLA ROMERO \u2013 3 CHAMBRES<\/h2>\n<p>Comprend trois chambres et deux salles de bain et demie, toutes sur un seul niveau.<\/p>\n<ul>\n<li>Trois chambres<\/li>\n<li>Deux salles de bain et demie<\/li>\n<li>Grand espace de vie ouvert avec une cuisine enti\u00e8rement \u00e9quip\u00e9e, un salon et une salle \u00e0 manger<\/li>\n<li>Les plafonds et les fen\u00eatres tr\u00e8s hauts permettent \u00e0 la lumi\u00e8re d&#039;entrer dans la maison<\/li>\n<\/ul>\n<p>&nbsp;<\/p>\n<h2>VILLA LAUREL \u2013 4 CHAMBRES<\/h2>\n<p>Comprend quatre chambres et trois salles de bains et demie, r\u00e9parties sur deux \u00e9tages.<\/p>\n<ul>\n<li>Grand espace de vie ouvert avec une cuisine enti\u00e8rement \u00e9quip\u00e9e, un salon et une salle \u00e0 manger<\/li>\n<li>chambre principale<\/li>\n<li>Salle de bains invit\u00e9<\/li>\n<li>Trois chambres d&#039;h\u00f4tes<\/li>\n<li>Deux salles de bains<\/li>\n<li>Il est \u00e9galement possible de cr\u00e9er la suite parentale \u00e0 l&#039;\u00e9tage<\/li>\n<\/ul>\n<p>&nbsp;<\/p>\n<h2>VILLA TOMILLO \u2013 3 CHAMBRES<\/h2>\n<p>Comprend trois chambres et trois salles de bains et demie sur trois \u00e9tages.<\/p>\n<ul>\n<li>Grand espace de vie ouvert compos\u00e9 d&#039;une cuisine enti\u00e8rement \u00e9quip\u00e9e, d&#039;un salon et d&#039;une salle \u00e0 manger<\/li>\n<li>Toilettes invit\u00e9s<\/li>\n<li>Mezzanine avec deux chambres d&#039;amis avec chacune leur salle de bain.<\/li>\n<li>La suite parentale est situ\u00e9e au rez-de-jardin avec une salle de bain attenante et un acc\u00e8s \u00e0 votre jardin paysager priv\u00e9<\/li>\n<li>Dispose de deux terrasses qui vous permettent de suivre le soleil et de changer de vue si vous le souhaitez<\/li>\n<li>Les plafonds et les fen\u00eatres tr\u00e8s hauts permettent \u00e0 la lumi\u00e8re d&#039;entrer dans la maison<\/li>\n<\/ul>\n\n\t\t<\/div>\n\t<\/div>\n<div class=\"vc_btn3-container  photo-button vc_btn3-center\" ><a style=\"background-color:#bbaa85; color:#ffffff;\" class=\"vc_general vc_btn3 vc_btn3-size-lg vc_btn3-shape-square vc_btn3-style-custom\" href=\"https:\/\/villas-jasmine.com\/fr\/meer-info-brochure-villas-jasmine\/\" title=\"Plus d&#039;infos\">PLUS D&#039;INFOS<\/a><\/div>\n\t\t<\/div>\n\t<\/div>\n\t<\/div>\n\n<\/div>\n<\/div>","protected":false},"excerpt":{"rendered":"<p>&#8230; <a class=\"more-link\" href=\"https:\/\/villas-jasmine.com\/fr\/het-complex-villas-jasmine\/\">continuer la lecture<\/a><\/p>","protected":false},"author":1,"featured_media":0,"parent":0,"menu_order":0,"comment_status":"closed","ping_status":"closed","template":"","meta":{"footnotes":""},"class_list":["post-26","page","type-page","status-publish","hentry"],"_links":{"self":[{"href":"https:\/\/villas-jasmine.com\/fr\/wp-json\/wp\/v2\/pages\/26","targetHints":{"allow":["GET"]}}],"collection":[{"href":"https:\/\/villas-jasmine.com\/fr\/wp-json\/wp\/v2\/pages"}],"about":[{"href":"https:\/\/villas-jasmine.com\/fr\/wp-json\/wp\/v2\/types\/page"}],"author":[{"embeddable":true,"href":"https:\/\/villas-jasmine.com\/fr\/wp-json\/wp\/v2\/users\/1"}],"replies":[{"embeddable":true,"href":"https:\/\/villas-jasmine.com\/fr\/wp-json\/wp\/v2\/comments?post=26"}],"version-history":[{"count":34,"href":"https:\/\/villas-jasmine.com\/fr\/wp-json\/wp\/v2\/pages\/26\/revisions"}],"predecessor-version":[{"id":3351,"href":"https:\/\/villas-jasmine.com\/fr\/wp-json\/wp\/v2\/pages\/26\/revisions\/3351"}],"wp:attachment":[{"href":"https:\/\/villas-jasmine.com\/fr\/wp-json\/wp\/v2\/media?parent=26"}],"curies":[{"name":"wp","href":"https:\/\/api.w.org\/{rel}","templated":true}]}}