{"id":26,"date":"2018-06-18T12:35:33","date_gmt":"2018-06-18T12:35:33","guid":{"rendered":"http:\/\/www.alhaurinvistagolf.com\/?page_id=26"},"modified":"2025-03-12T14:06:14","modified_gmt":"2025-03-12T14:06:14","slug":"het-complex-villas-jasmine","status":"publish","type":"page","link":"https:\/\/villas-jasmine.com\/pl\/het-complex-villas-jasmine\/","title":{"rendered":"Kompleks"},"content":{"rendered":"<div  class=\"content_row row vc_row wpb_row  default-style fullwidth\" >\n\t\n\t<div class=\"content_row_wrapper  default\" >\n\t<div id=\"asdasd\" class=\"vc_col-sm-12 wpb_column vc_column_container\" >\n\t<div class=\"vc_column-inner\">\n\t\t<div class=\"wpb_wrapper\" >\n\t\t\t<div class=\"wpb_revslider_element wpb_content_element\">\n<div id=\"rev_slider_6_1_wrapper\" class=\"rev_slider_wrapper fullwidthbanner-container\" data-source=\"gallery\" style=\"margin:0px auto;background:transparent;padding:0px;margin-top:0px;margin-bottom:0px;\">\n<!-- START REVOLUTION SLIDER 5.4.7.3 fullwidth mode -->\n\t<div id=\"rev_slider_6_1\" class=\"rev_slider fullwidthabanner\" style=\"display:none;\" data-version=\"5.4.7.3\">\n<ul>\t<!-- SLIDE  -->\n\t<li data-index=\"rs-8\" data-transition=\"fade\" data-slotamount=\"default\" data-hideafterloop=\"0\" data-hideslideonmobile=\"off\"  data-easein=\"default\" data-easeout=\"default\" data-masterspeed=\"300\"  data-rotate=\"0\"  data-saveperformance=\"off\"  data-ssop=\"true\"  data-title=\"Slide\" data-param1=\"\" data-param2=\"\" data-param3=\"\" data-param4=\"\" data-param5=\"\" data-param6=\"\" data-param7=\"\" data-param8=\"\" data-param9=\"\" data-param10=\"\" data-description=\"\">\n\t\t<!-- MAIN IMAGE -->\n\t\t<img decoding=\"async\" src=\"https:\/\/villas-jasmine.com\/wp-content\/plugins\/revslider\/admin\/assets\/images\/transparent.png\"  alt=\"\" title=\"Kompleks\"  data-bgposition=\"center center\" data-bgfit=\"cover\" data-bgrepeat=\"no-repeat\" class=\"rev-slidebg\" data-no-retina>\n\t\t<!-- LAYERS -->\n\n\t\t<!-- LAYER NR. 1 -->\n\t\t<div class=\"tp-caption   tp-resizeme\" \n\t\t\t id=\"slide-8-layer-13\" \n\t\t\t data-x=\"-101\" \n\t\t\t data-y=\"\" \n\t\t\t\t\t\tdata-width=\"['none','none','none','none']\"\n\t\t\tdata-height=\"['none','none','none','none']\"\n \n\t\t\tdata-type=\"image\" \n\t\t\tdata-responsive_offset=\"on\" \n\n\t\t\tdata-frames='[{\"delay\":0,\"speed\":300,\"frame\":\"0\",\"from\":\"opacity:0;\",\"to\":\"o:1;\",\"ease\":\"Power3.easeInOut\"},{\"delay\":\"wait\",\"speed\":300,\"frame\":\"999\",\"to\":\"opacity:0;\",\"ease\":\"Power3.easeInOut\"}]'\n\t\t\tdata-textalign=\"['inherit','inherit','inherit','inherit']\"\n\t\t\tdata-paddingtop=\"[0,0,0,0]\"\n\t\t\tdata-paddingright=\"[0,0,0,0]\"\n\t\t\tdata-paddingbottom=\"[0,0,0,0]\"\n\t\t\tdata-paddingleft=\"[0,0,0,0]\"\n\n\t\t\tstyle=\"z-index: 6;\"><img loading=\"lazy\" decoding=\"async\" src=\"https:\/\/villas-jasmine.com\/wp-content\/uploads\/2021\/06\/header_complex.jpg\" alt=\"Villa La Finca de Jasmine - total view\" data-ww=\"1447px\" data-hh=\"466px\" width=\"1447\" height=\"466\" data-no-retina> <\/div>\n\t<\/li>\n<\/ul>\n<div class=\"tp-bannertimer tp-bottom\" style=\"visibility: hidden !important;\"><\/div>\t<\/div>\n<script>var htmlDiv = document.getElementById(\"rs-plugin-settings-inline-css\"); var htmlDivCss=\"\";\r\n\t\t\t\tif(htmlDiv) {\r\n\t\t\t\t\thtmlDiv.innerHTML = htmlDiv.innerHTML + htmlDivCss;\r\n\t\t\t\t}else{\r\n\t\t\t\t\tvar htmlDiv = document.createElement(\"div\");\r\n\t\t\t\t\thtmlDiv.innerHTML = \"<style>\" + htmlDivCss + \"<\/style>\";\r\n\t\t\t\t\tdocument.getElementsByTagName(\"head\")[0].appendChild(htmlDiv.childNodes[0]);\r\n\t\t\t\t}\r\n\t\t\t<\/script>\n\t\t<script type=\"text\/javascript\">\r\nif (setREVStartSize!==undefined) setREVStartSize(\r\n\t{c: '#rev_slider_6_1', gridwidth: [1240], gridheight: [464], sliderLayout: 'fullwidth'});\r\n\t\t\t\r\nvar revapi6,\r\n\ttpj;\t\r\n(function() {\t\t\t\r\n\tif (!\/loaded|interactive|complete\/.test(document.readyState)) document.addEventListener(\"DOMContentLoaded\",onLoad); else onLoad();\t\r\n\tfunction onLoad() {\t\t\t\t\r\n\t\tif (tpj===undefined) { tpj = jQuery; if(\"off\" == \"on\") tpj.noConflict();}\r\n\tif(tpj(\"#rev_slider_6_1\").revolution == undefined){\n\t\trevslider_showDoubleJqueryError(\"#rev_slider_6_1\");\n\t}else{\n\t\trevapi6 = tpj(\"#rev_slider_6_1\").show().revolution({\n\t\t\tsliderType:\"standard\",\n\t\t\tjsFileLocation:\"\/\/villas-jasmine.com\/wp-content\/plugins\/revslider\/public\/assets\/js\/\",\n\t\t\tsliderLayout:\"fullwidth\",\n\t\t\tdottedOverlay:\"none\",\n\t\t\tdelay:6000,\n\t\t\tnavigation: {\n\t\t\t\tonHoverStop:\"off\",\n\t\t\t},\n\t\t\tvisibilityLevels:[1240,1024,778,480],\n\t\t\tgridwidth:1240,\n\t\t\tgridheight:464,\n\t\t\tlazyType:\"none\",\n\t\t\tshadow:0,\n\t\t\tspinner:\"spinner0\",\n\t\t\tstopLoop:\"off\",\n\t\t\tstopAfterLoops:-1,\n\t\t\tstopAtSlide:-1,\n\t\t\tshuffle:\"off\",\n\t\t\tautoHeight:\"off\",\n\t\t\tdisableProgressBar:\"on\",\n\t\t\thideThumbsOnMobile:\"off\",\n\t\t\thideSliderAtLimit:0,\n\t\t\thideCaptionAtLimit:0,\n\t\t\thideAllCaptionAtLilmit:0,\n\t\t\tdebugMode:false,\n\t\t\tfallbacks: {\n\t\t\t\tsimplifyAll:\"off\",\n\t\t\t\tnextSlideOnWindowFocus:\"off\",\n\t\t\t\tdisableFocusListener:false,\n\t\t\t}\n\t\t});\n\t}; \/* END OF revapi call *\/\n\t\n }; \/* END OF ON LOAD FUNCTION *\/\r\n}()); \/* END OF WRAPPING FUNCTION *\/\r\n<\/script>\r\n\t\t<\/div><!-- END REVOLUTION SLIDER --><\/div>\n\t\t<\/div>\n\t<\/div>\n\t<\/div>\n\n<\/div>\n<\/div>\n\n<div  class=\"content_row row vc_row wpb_row  default-style fullwidth\" >\n\t\n\t<div class=\"content_row_wrapper  default\" >\n\t<div id=\"asdasd\" class=\"vc_col-sm-12 wpb_column vc_column_container\" >\n\t<div class=\"vc_column-inner\">\n\t\t<div class=\"wpb_wrapper\" >\n\t\t\t\n\t<div class=\"wpb_text_column wpb_content_element\" >\n\t\t<div class=\"wpb_wrapper\">\n\t\t\t<h1><strong><em>Wille La Finca de Jasmine<\/em><\/strong><\/h1>\n<p style=\"text-align: left;\">La Finca de Jasmine oferuje 14 pi\u0119knych, nowo wybudowanych willi z nowoczesnymi i stylowymi wn\u0119trzami. Ten luksusowy kompleks jest w pe\u0142ni ogrodzony, co zapewnia du\u017c\u0105 prywatno\u015b\u0107.<\/p>\n<p style=\"text-align: left;\">Kompleks o \u0142\u0105cznej powierzchni 269 000 m\u00b2 oferuje miejsce na 14 luksusowych willi o trzech rodzajach uk\u0142adu, dzi\u0119ki czemu mo\u017cna je dostosowa\u0107 do wybranego stylu \u017cycia.<\/p>\n<p style=\"text-align: left;\">Kompleks szczyci si\u0119 pi\u0119knymi \u015br\u00f3dziemnomorskimi ogrodami i prywatnym basenem. Z obiektu mo\u017cna \u0142atwo dojecha\u0107 do Marbelli i Estepony. Na terenie obiektu znajduje si\u0119 r\u00f3wnie\u017c klub i spa.<\/p>\n<ul>\n<li>Idealnie po\u0142o\u017cony w stosunku do Marbelli, Puerto Ban\u00fas<\/li>\n<li>Nowo wybudowane wille z 3 sypialniami i 4 sypialniami<\/li>\n<li>Otwarta kuchnia, prywatny basen, du\u017ce tarasy i ogrzewanie pod\u0142ogowe<\/li>\n<li>Pi\u0119kny widok na Morze \u015ar\u00f3dziemne?<\/li>\n<li>Po\u0142o\u017cony w pobli\u017cu p\u00f3l golfowych<\/li>\n<li>Si\u0142ownia, sauna, niestandardowe powierzchnie biurowe, wszystko jest mo\u017cliwe!<\/li>\n<li>Gotowe do zamieszkania 2027<\/li>\n<\/ul>\n<p><strong>*** Marzec 2025 \u2013 jedna willa nadal na sprzeda\u017c \u2013 2 950 000 \u20ac (bez VAT)***<\/strong><\/p>\n\n\t\t<\/div>\n\t<\/div>\n<div class=\"vc_btn3-container  photo-button vc_btn3-center\" ><a style=\"background-color:#bbaa85; color:#ffffff;\" class=\"vc_general vc_btn3 vc_btn3-size-lg vc_btn3-shape-square vc_btn3-style-custom\" href=\"https:\/\/villas-jasmine.com\/pl\/meer-info-brochure-villas-jasmine\/\" title=\"Wi\u0119cej informacji\">WI\u0118CEJ INFORMACJI<\/a><\/div>\n\t\t<\/div>\n\t<\/div>\n\t<\/div>\n\n<\/div>\n<\/div>\n\n<div  class=\"content_row row vc_row wpb_row  default-style fullwidth\" >\n\t\n\t<div class=\"content_row_wrapper  default\" >\n\t<div id=\"asdasd\" class=\"vc_col-sm-12 wpb_column vc_column_container\" >\n\t<div class=\"vc_column-inner\">\n\t\t<div class=\"wpb_wrapper\" >\n\t\t\t\n\t<div class=\"wpb_text_column wpb_content_element\" >\n\t\t<div class=\"wpb_wrapper\">\n\t\t\t<p><em><strong>Wille\u00a0<\/strong><\/em><\/p>\n<h2>VILLA ROMERO \u2013 3 SYPIALNIE<\/h2>\n<p>Posiada trzy sypialnie i dwie i p\u00f3\u0142 \u0142azienki, wszystkie na jednym poziomie.<\/p>\n<ul>\n<li>Trzy sypialnie<\/li>\n<li>Dwie i p\u00f3\u0142 \u0142azienki<\/li>\n<li>Du\u017ca otwarta przestrze\u0144 dzienna z w pe\u0142ni wyposa\u017con\u0105 kuchni\u0105, salonem i jadalni\u0105<\/li>\n<li>Bardzo wysokie sufity i okna wpuszczaj\u0105 \u015bwiat\u0142o do domu<\/li>\n<\/ul>\n<p>&nbsp;<\/p>\n<h2>VILLA LAUREL \u2013 4 SYPIALNIE<\/h2>\n<p>Na dw\u00f3ch pi\u0119trach znajduj\u0105 si\u0119 cztery sypialnie i trzy i p\u00f3\u0142 \u0142azienki.<\/p>\n<ul>\n<li>Du\u017ca otwarta przestrze\u0144 dzienna z w pe\u0142ni wyposa\u017con\u0105 kuchni\u0105, salonem i jadalni\u0105<\/li>\n<li>g\u0142\u00f3wna sypialnia<\/li>\n<li>\u0141azienka go\u015bcinna<\/li>\n<li>Trzy sypialnie dla go\u015bci<\/li>\n<li>Dwie \u0142azienki<\/li>\n<li>Istnieje r\u00f3wnie\u017c mo\u017cliwo\u015b\u0107 stworzenia apartamentu g\u0142\u00f3wnego na pi\u0119trze<\/li>\n<\/ul>\n<p>&nbsp;<\/p>\n<h2>WILLA TOMILLO \u2013 3 SYPIALNIE<\/h2>\n<p>Na trzech pi\u0119trach znajduj\u0105 si\u0119 trzy sypialnie i trzy i p\u00f3\u0142 \u0142azienki.<\/p>\n<ul>\n<li>Du\u017ca otwarta przestrze\u0144 dzienna sk\u0142adaj\u0105ca si\u0119 z w pe\u0142ni wyposa\u017conej kuchni, salonu i jadalni<\/li>\n<li>Toaleta dla go\u015bci<\/li>\n<li>Antresola z dwiema sypialniami go\u015bcinnymi, ka\u017cda z w\u0142asn\u0105 \u0142azienk\u0105.<\/li>\n<li>Apartament g\u0142\u00f3wny znajduje si\u0119 na poziomie ogrodu i posiada \u0142azienk\u0119 oraz dost\u0119p do prywatnego, zagospodarowanego ogrodu<\/li>\n<li>Posiada dwa tarasy, kt\u00f3re pozwalaj\u0105 pod\u0105\u017ca\u0107 za s\u0142o\u0144cem i zmienia\u0107 widok, je\u015bli chcesz<\/li>\n<li>Bardzo wysokie sufity i okna wpuszczaj\u0105 \u015bwiat\u0142o do domu<\/li>\n<\/ul>\n\n\t\t<\/div>\n\t<\/div>\n<div class=\"vc_btn3-container  photo-button vc_btn3-center\" ><a style=\"background-color:#bbaa85; color:#ffffff;\" class=\"vc_general vc_btn3 vc_btn3-size-lg vc_btn3-shape-square vc_btn3-style-custom\" href=\"https:\/\/villas-jasmine.com\/pl\/meer-info-brochure-villas-jasmine\/\" title=\"Wi\u0119cej informacji\">WI\u0118CEJ INFORMACJI<\/a><\/div>\n\t\t<\/div>\n\t<\/div>\n\t<\/div>\n\n<\/div>\n<\/div>","protected":false},"excerpt":{"rendered":"<p>&#8230; <a class=\"more-link\" href=\"https:\/\/villas-jasmine.com\/pl\/het-complex-villas-jasmine\/\">Kontynuuj czytanie<\/a><\/p>","protected":false},"author":1,"featured_media":0,"parent":0,"menu_order":0,"comment_status":"closed","ping_status":"closed","template":"","meta":{"footnotes":""},"class_list":["post-26","page","type-page","status-publish","hentry"],"_links":{"self":[{"href":"https:\/\/villas-jasmine.com\/pl\/wp-json\/wp\/v2\/pages\/26","targetHints":{"allow":["GET"]}}],"collection":[{"href":"https:\/\/villas-jasmine.com\/pl\/wp-json\/wp\/v2\/pages"}],"about":[{"href":"https:\/\/villas-jasmine.com\/pl\/wp-json\/wp\/v2\/types\/page"}],"author":[{"embeddable":true,"href":"https:\/\/villas-jasmine.com\/pl\/wp-json\/wp\/v2\/users\/1"}],"replies":[{"embeddable":true,"href":"https:\/\/villas-jasmine.com\/pl\/wp-json\/wp\/v2\/comments?post=26"}],"version-history":[{"count":34,"href":"https:\/\/villas-jasmine.com\/pl\/wp-json\/wp\/v2\/pages\/26\/revisions"}],"predecessor-version":[{"id":3351,"href":"https:\/\/villas-jasmine.com\/pl\/wp-json\/wp\/v2\/pages\/26\/revisions\/3351"}],"wp:attachment":[{"href":"https:\/\/villas-jasmine.com\/pl\/wp-json\/wp\/v2\/media?parent=26"}],"curies":[{"name":"wp","href":"https:\/\/api.w.org\/{rel}","templated":true}]}}